{"id":52893,"date":"2022-01-28T14:46:08","date_gmt":"2022-01-28T12:46:08","guid":{"rendered":"https:\/\/epersl.com\/politica-de-privacidad-2\/"},"modified":"2022-03-30T21:47:27","modified_gmt":"2022-03-30T19:47:27","slug":"privacy-policy","status":"publish","type":"page","link":"https:\/\/epersl.com\/en\/privacy-policy\/","title":{"rendered":"Privacy policy"},"content":{"rendered":"<p>[et_pb_section fb_built=&#8221;1&#8243; disabled_on=&#8221;off|off|off&#8221; admin_label=&#8221;V\u00eddeo y H1&#8243; _builder_version=&#8221;4.13.1&#8243; _module_preset=&#8221;default&#8221; background_enable_video_mp4=&#8221;off&#8221; background_enable_video_webm=&#8221;off&#8221; min_height=&#8221;30vh&#8221; custom_margin=&#8221;||||false|false&#8221; custom_padding=&#8221;0px||0px||false|false&#8221; scroll_horizontal_motion=&#8221;36|62|62|100|0|0|20&#8243; scroll_fade=&#8221;36|47|47|100|100%|100|0%&#8221; da_disable_devices=&#8221;off|off|off&#8221; locked=&#8221;off&#8221; global_colors_info=&#8221;{}&#8221; da_is_popup=&#8221;off&#8221; da_exit_intent=&#8221;off&#8221; da_has_close=&#8221;on&#8221; da_alt_close=&#8221;off&#8221; da_dark_close=&#8221;off&#8221; da_not_modal=&#8221;on&#8221; da_is_singular=&#8221;off&#8221; da_with_loader=&#8221;off&#8221; da_has_shadow=&#8221;on&#8221;][et_pb_row disabled_on=&#8221;off|off|off&#8221; admin_label=&#8221;Video&#8221; _builder_version=&#8221;4.13.1&#8243; _module_preset=&#8221;default&#8221; background_image=&#8221;https:\/\/epersl.com\/wp-content\/uploads\/2021\/11\/soldador-1600&#215;800-duotono.jpg&#8221; positioning=&#8221;none&#8221; z_index=&#8221;1&#8243; width=&#8221;100%&#8221; max_width=&#8221;100%&#8221; custom_padding=&#8221;||||false|false&#8221; sticky_position=&#8221;top&#8221; sticky_limit_bottom=&#8221;section&#8221; sticky_offset_surrounding=&#8221;off&#8221; sticky_transition=&#8221;off&#8221; background_last_edited=&#8221;on|desktop&#8221; background_image_tablet=&#8221;https:\/\/epersl.com\/wp-content\/uploads\/2021\/11\/soldador-960&#215;960-duotono.jpg&#8221; background_image_phone=&#8221;https:\/\/epersl.com\/wp-content\/uploads\/2021\/11\/soldador-576&#215;960-duotono.jpg&#8221; background_enable_image_tablet=&#8221;on&#8221; background_enable_image_phone=&#8221;on&#8221; background_enable_video_mp4_tablet=&#8221;off&#8221; background_enable_video_mp4_phone=&#8221;off&#8221; background_enable_video_webm_tablet=&#8221;off&#8221; background_enable_video_webm_phone=&#8221;off&#8221; global_colors_info=&#8221;{}&#8221;][et_pb_column type=&#8221;4_4&#8243; disabled_on=&#8221;off|off|off&#8221; _builder_version=&#8221;4.9.10&#8243; _module_preset=&#8221;default&#8221; global_colors_info=&#8221;{}&#8221;][et_pb_text disabled_on=&#8221;off|off|off&#8221; admin_label=&#8221;T\u00edtulo&#8221; module_class=&#8221;titulo-visible&#8221; _builder_version=&#8221;4.13.1&#8243; _module_preset=&#8221;default&#8221; header_text_align=&#8221;center&#8221; header_text_color=&#8221;#FFFFFF&#8221; header_font_size=&#8221;48px&#8221; header_letter_spacing=&#8221;-1px&#8221; header_2_text_align=&#8221;center&#8221; header_2_text_color=&#8221;#FFFFFF&#8221; header_2_font_size=&#8221;72px&#8221; text_orientation=&#8221;center&#8221; custom_margin=&#8221;0px||0px||false|false&#8221; custom_padding=&#8221;19vh||10vh||false|false&#8221; scroll_fade_enable=&#8221;on&#8221; scroll_fade=&#8221;0|70|70|100|100%|100%|0%&#8221; header_font_size_tablet=&#8221;42px&#8221; header_font_size_phone=&#8221;32px&#8221; header_font_size_last_edited=&#8221;on|tablet&#8221; header_2_font_size_tablet=&#8221;42px&#8221; header_2_font_size_phone=&#8221;32px&#8221; header_2_font_size_last_edited=&#8221;on|phone&#8221; locked=&#8221;off&#8221; global_colors_info=&#8221;{}&#8221;]<\/p>\n<h1>Pol\u00edtica de privacidad<\/h1>\n<p>[\/et_pb_text][\/et_pb_column][\/et_pb_row][\/et_pb_section][et_pb_section fb_built=&#8221;1&#8243; _builder_version=&#8221;4.13.1&#8243; _module_preset=&#8221;default&#8221; custom_margin=&#8221;||||false|false&#8221; da_disable_devices=&#8221;off|off|off&#8221; global_colors_info=&#8221;{}&#8221; da_is_popup=&#8221;off&#8221; da_exit_intent=&#8221;off&#8221; da_has_close=&#8221;on&#8221; da_alt_close=&#8221;off&#8221; da_dark_close=&#8221;off&#8221; da_not_modal=&#8221;on&#8221; da_is_singular=&#8221;off&#8221; da_with_loader=&#8221;off&#8221; da_has_shadow=&#8221;on&#8221;][et_pb_row _builder_version=&#8221;4.9.10&#8243; _module_preset=&#8221;default&#8221; global_colors_info=&#8221;{}&#8221;][et_pb_column type=&#8221;4_4&#8243; _builder_version=&#8221;4.9.10&#8243; _module_preset=&#8221;default&#8221; global_colors_info=&#8221;{}&#8221;][et_pb_text _builder_version=&#8221;4.13.1&#8243; _module_preset=&#8221;default&#8221; link_font=&#8221;||||on||||&#8221; header_4_letter_spacing=&#8221;-2px&#8221; global_colors_info=&#8221;{}&#8221;]<\/p>\n<h4>RESPONSABLE<\/h4>\n<p>\u00bfQui\u00e9n es el responsable del tratamiento de sus datos?<\/p>\n<p>La compa\u00f1\u00eda Estructuras Para Energ\u00edas Renovables S.L. es la titular de la presente p\u00e1gina web.<\/p>\n<p>Al acceder a esta web, pasa a tener la condici\u00f3n de usuario. Todos los datos que Estructuras Para Energ\u00edas Renovables S.L. recopile del usuario a trav\u00e9s del uso de la web y el uso de los formularios en ella ser\u00e1n tratados conforme la legislaci\u00f3n aplicable.<\/p>\n<h4>CONTACTO<\/h4>\n<p>\u00bfC\u00f3mo contactar con nosotros?<\/p>\n<p>A trav\u00e9s de cualquiera de las formas de contacto facilitadas en la web.<\/p>\n<h5>FINALIDAD<\/h5>\n<p>\u00bfCon qu\u00e9 finalidad tratamos sus datos personales?<\/p>\n<p>Por la navegaci\u00f3n en la web de Estructuras Para Energ\u00edas Renovables S.L. cualquier usuario ver\u00e1 \u00fanicamente recogidos sus datos de acceso o navegaci\u00f3n, lo que no permitir\u00e1 la identificaci\u00f3n del usuario en ning\u00fan caso. Este apartado se desarrolla en el aparto de pol\u00edtica de cookies.<\/p>\n<p>Si hubiera zonas privadas con acceso con usuario y contrase\u00f1a, lo anterior no es del todo v\u00e1lido y s\u00ed que pudieran establecerse sistemas que ayuden a identificar al usuario registrado para su mayor comodidad, gracias a la base de datos de usuarios.<\/p>\n<p>Adem\u00e1s, Estructuras Para Energ\u00edas Renovables S.L. recoger\u00e1 datos personales de cualquier formulario de contacto de la p\u00e1gina web.<\/p>\n<p>Trataremos los datos que nos facilite el usuario con los siguientes fines:<\/p>\n<ul>\n<li>Dar respuesta a las cuestiones por las cuales contacte con nosotros,<\/li>\n<li>Ponernos en contacto con las personas interesadas para resolver la cuesti\u00f3n preguntada.<\/li>\n<\/ul>\n<p>Si son datos comerciales, podemos recopilarlos para un uso comercial posterior, y siempre cumpliendo con los derechos del usuario que haya dado su consentimiento.<\/p>\n<p>Informaci\u00f3n anal\u00edtica o estad\u00edstica que ayuda a mejorar los contenidos de la p\u00e1gina web y entender el comportamiento del usuario (previamente informados a trav\u00e9s de la pol\u00edtica de cookies y pol\u00edtica de privacidad).<\/p>\n<p>Asimismo, pidiendo de forma previa a que se recojan los datos el consentimiento del usuario (mediante la inclusi\u00f3n de una casilla que el usuario ha de marcar), trataremos los datos con los siguientes fines:<\/p>\n<ul>\n<li>Poder ofrecer productos y ofertas de acuerdo con sus intereses;<\/li>\n<li>La elaboraci\u00f3n de un perfil comercial, en base a la informaci\u00f3n facilitada.<\/li>\n<li>Conocer h\u00e1bitos generales de la navegaci\u00f3n del usuario.<\/li>\n<\/ul>\n<h4>OBLIGACIONES DEL USUARIO<\/h4>\n<p>\u00bfTiene alguna obligaci\u00f3n el usuario?<\/p>\n<p>El usuario tiene el deber de proporcionar los datos solicitados por Estructuras Para Energ\u00edas Renovables S.L. de forma responsable. Esto implica que los datos que el usuario proporcione responden a su verdadera identidad y que son actuales, completos y veraces.<\/p>\n<p>Adem\u00e1s, en caso de que se cause cualquier da\u00f1o o perjuicio, al usuario o a terceros, como consecuencia del incumplimiento por parte del usuario de la obligaci\u00f3n aqu\u00ed descrita, ser\u00e1 el usuario el responsable \u00fanico de dichos da\u00f1os.<\/p>\n<h4>RETENCI\u00d3N<\/h4>\n<p>\u00bfCu\u00e1nto tiempo conservaremos tus datos?<\/p>\n<p>Los datos personales proporcionados se conservar\u00e1n mientras dure la relaci\u00f3n mercantil, o hasta que el usuario no solicite su supresi\u00f3n. En el caso de que alguna legislaci\u00f3n obligue a su tenencia durante m\u00e1s tiempo, se conservar\u00e1n por el tiempo m\u00ednimo legal establecido en la norma oportuna (tributaria por ejemplo).<\/p>\n<h4>LEGITIMACI\u00d3N<\/h4>\n<p>\u00bfCu\u00e1l es la legitimaci\u00f3n para el tratamiento de sus datos?<\/p>\n<p>La base legal para el tratamiento de sus datos en cuanto a los datos personales proporcionados para el contacto con Estructuras Para Energ\u00edas Renovables S.L. es el consentimiento otorgado por el interesado en el momento de recabar sus datos, en la forma de las distintas casillas y dispositivos de consentimiento.<\/p>\n<h4>DESTINATARIOS<\/h4>\n<p>\u00bfA qu\u00e9 destinatarios se comunicar\u00e1n sus datos?<\/p>\n<p>Sus datos no ser\u00e1n transmitidos a terceros. Si para la ejecuci\u00f3n del contrato fuese necesaria dicha transmisi\u00f3n, se le notificar\u00e1 previamente y se requerir\u00e1 su consentimiento para ello. Salvo que los reclamen los cuerpo y fuerzas del estado u otra autoridad administrativa o legal. Tambi\u00e9n se permite la cesi\u00f3n de datos a las asesor\u00edas, proveedores de servicios inform\u00e1ticos o de internet que sean imprescindibles para el desarrollo de la actividad de Estructuras Para Energ\u00edas Renovables S.L..<\/p>\n<p>Al respecto de lo anterior, Estructuras Para Energ\u00edas Renovables S.L. trabajar\u00e1 para que cualquier persona autorizada por los proveedores anteriores trabaje con absoluta confidencialidad en el tratamiento de datos personales y establezca las medidas de seguridad oportunas.<\/p>\n<h4>DERECHOS<\/h4>\n<p>\u00bfCu\u00e1les son sus derechos cuando nos facilita sus datos?<\/p>\n<p>Cualquier persona tendr\u00e1 derecho a obtener confirmaci\u00f3n sobre si Estructuras Para Energ\u00edas Renovables S.L. est\u00e1 tratando sus datos personales. Adicionalmente, los interesados tienen derecho a:<\/p>\n<ul>\n<li>Derecho a solicitar acceso a los datos personales relativos al interesado,<\/li>\n<li>Derecho a solicitar la rectificaci\u00f3n,<\/li>\n<li>Derecho a solicitar la supresi\u00f3n de los datos, si (entre otros motivos) estos ya no son necesarios para los fines para los que se recogieron,<\/li>\n<li>Derecho a solicitar la limitaci\u00f3n del tratamiento de los datos, en cuyo caso s\u00f3lo se conservar\u00e1n para el ejercicio o la defensa de reclamaciones.<\/li>\n<li>Derecho a oponerse al tratamiento, en cuyo caso solamente se seguir\u00e1 tratando los datos por motivos leg\u00edtimos imperiosos, o el ejercicio o defensa de posibles reclamaciones,<\/li>\n<li>Derecho a la portabilidad de los datos.<\/li>\n<\/ul>\n<h4>SEGURIDAD Y CONFIDENCIALIDAD<\/h4>\n<p>\u00bfC\u00f3mo nos encargamos de proteger sus datos? \u00bfQu\u00e9 sucede si hay una infracci\u00f3n?<\/p>\n<p>En Estructuras Para Energ\u00edas Renovables S.L. hemos establecido las medidas de seguridad necesarias para asegurarnos de que sus datos personales no sean accedidos o comunicados a terceras partes, y que sus datos no sean objeto de ning\u00fan tipo de tratamiento no autorizado. En caso de incumplimiento nos pondremos en contacto con los afectados.<\/p>\n<p>Estructuras Para Energ\u00edas Renovables S.L. no puede garantizar la absoluta inexpugnabilidad de la red Intenret y por tanto de la violaci\u00f3n de los datos mediante accesos fraudulentos a ellos por parte de terceros.<\/p>\n<p>En cuanto a los hyperlinks\/enlaces a otras p\u00e1ginas que pueden encontrarse en nuestra web, no seremos responsables de los contenidos que se puedan encontrar en las webs a las que lleven los enlaces, sin perjuicio de que actuaremos con la diligencia necesaria para eliminar cualquier enlace que lleve a contenidos il\u00edcitos o que lesionen los bienes del usuario, del cual tengamos conocimiento.<\/p>\n<h4>MODIFICACIONES<\/h4>\n<p>\u00bf\u00c9sta pol\u00edtica puede cambiar, y si es as\u00ed, puede afectar esto a sus datos?<\/p>\n<p>En el caso de cambios menores, se comunicar\u00e1n mediante esta misma p\u00e1gina web, con una actualizaci\u00f3n.<\/p>\n<p>Si existen cambios sustanciales en la Pol\u00edtica de Privacidad que marquen diferencias con la aceptaci\u00f3n dada, se comunicar\u00e1 al usuario.<\/p>\n<h4>LEY APLICABLE<\/h4>\n<p>\u00bfCu\u00e1l es la ley aplicable en el tratamiento de sus datos?<\/p>\n<p>Estas pol\u00edticas de privacidad ser\u00e1n gobernadas por la normativa vigente espa\u00f1ola, as\u00ed como por el Reglamento General de Protecci\u00f3n de Datos desde el 25 mayo de 2018.<\/p>\n<p>Para la resoluci\u00f3n de todas las controversias o cuestiones relacionadas con el presente sitio web o de las actividades en \u00e9l desarrolladas, ser\u00e1 de aplicaci\u00f3n la legislaci\u00f3n espa\u00f1ola en todos los casos, a la que se someten expresamente las partes; El mero hecho de la utilizaci\u00f3n de los servicios el presente sitio web presupone la aceptaci\u00f3n expresa de dicha aceptaci\u00f3n de la jurisdicci\u00f3n Espa\u00f1ola.<\/p>\n<p>As\u00ed mismo, y con la salvedad de lo expresado en el p\u00e1rrafo siguiente, Las partes intervinientes acuerdan que todo litigio, discrepancia, cuesti\u00f3n o reclamaci\u00f3n resultante de la ejecuci\u00f3n o interpretaci\u00f3n de las presentes condiciones o relacionado con ellas, o de otros textos que pudiera haber en el sitio web, se resolver\u00e1n definitivamente mediante sometimiento a los Juzgados y Tribunales de Pamplona con renuncia expresa a cualquier otro fuero o demarcaci\u00f3n jurisdiccional que pudiera resultar competente.<\/p>\n<p>El p\u00e1rrafo anterior no ser\u00e1 de aplicaci\u00f3n en el caso de que una de las partes sea un consumidor o usuario seg\u00fan la definici\u00f3n de la normativa de protecci\u00f3n de los Consumidores y Usuarios (Real Decreto Legislativo 1\/2007, de 16 de noviembre, por el que se aprueba el texto refundido de la Ley General para la Defensa de los Consumidores y Usuarios y otras leyes complementarias), en cuyo caso, (y para un conflicto relacionado y amparado por la Ley). En ese caso ser\u00eda de aplicaci\u00f3n preferente el lugar designado en dicha legislaci\u00f3n.<\/p>\n<p>[\/et_pb_text][\/et_pb_column][\/et_pb_row][\/et_pb_section]<\/p>\n","protected":false},"excerpt":{"rendered":"<p>Pol\u00edtica de privacidadRESPONSABLE \u00bfQui\u00e9n es el responsable del tratamiento de sus datos? La compa\u00f1\u00eda Estructuras Para Energ\u00edas Renovables S.L. es la titular de la presente p\u00e1gina web. Al acceder a esta web, pasa a tener la condici\u00f3n de usuario. Todos los datos que Estructuras Para Energ\u00edas Renovables S.L. recopile del usuario a trav\u00e9s del uso [&hellip;]<\/p>\n","protected":false},"author":2,"featured_media":0,"parent":0,"menu_order":0,"comment_status":"closed","ping_status":"closed","template":"","meta":{"_et_pb_use_builder":"on","_et_pb_old_content":"","_et_gb_content_width":"","inline_featured_image":false,"footnotes":""},"class_list":["post-52893","page","type-page","status-publish","hentry"],"yoast_head":"<!-- This site is optimized with the Yoast SEO plugin v27.4 - https:\/\/yoast.com\/product\/yoast-seo-wordpress\/ -->\n<title>Privacy policy - EPER<\/title>\n<meta name=\"robots\" content=\"noindex, nofollow\" \/>\n<meta property=\"og:locale\" content=\"en_US\" \/>\n<meta property=\"og:type\" content=\"article\" \/>\n<meta property=\"og:title\" content=\"Privacy policy - EPER\" \/>\n<meta property=\"og:description\" content=\"Pol\u00edtica de privacidadRESPONSABLE \u00bfQui\u00e9n es el responsable del tratamiento de sus datos? La compa\u00f1\u00eda Estructuras Para Energ\u00edas Renovables S.L. es la titular de la presente p\u00e1gina web. Al acceder a esta web, pasa a tener la condici\u00f3n de usuario. Todos los datos que Estructuras Para Energ\u00edas Renovables S.L. recopile del usuario a trav\u00e9s del uso [&hellip;]\" \/>\n<meta property=\"og:url\" content=\"https:\/\/epersl.com\/en\/privacy-policy\/\" \/>\n<meta property=\"og:site_name\" content=\"EPER\" \/>\n<meta property=\"article:modified_time\" content=\"2022-03-30T19:47:27+00:00\" \/>\n<meta name=\"twitter:card\" content=\"summary_large_image\" \/>\n<meta name=\"twitter:label1\" content=\"Est. reading time\" \/>\n\t<meta name=\"twitter:data1\" content=\"9 minutes\" \/>\n<script type=\"application\/ld+json\" class=\"yoast-schema-graph\">{\"@context\":\"https:\\\/\\\/schema.org\",\"@graph\":[{\"@type\":\"WebPage\",\"@id\":\"https:\\\/\\\/epersl.com\\\/en\\\/privacy-policy\\\/\",\"url\":\"https:\\\/\\\/epersl.com\\\/en\\\/privacy-policy\\\/\",\"name\":\"Privacy policy - EPER\",\"isPartOf\":{\"@id\":\"https:\\\/\\\/epersl.com\\\/en\\\/#website\"},\"datePublished\":\"2022-01-28T12:46:08+00:00\",\"dateModified\":\"2022-03-30T19:47:27+00:00\",\"breadcrumb\":{\"@id\":\"https:\\\/\\\/epersl.com\\\/en\\\/privacy-policy\\\/#breadcrumb\"},\"inLanguage\":\"en-US\",\"potentialAction\":[{\"@type\":\"ReadAction\",\"target\":[\"https:\\\/\\\/epersl.com\\\/en\\\/privacy-policy\\\/\"]}]},{\"@type\":\"BreadcrumbList\",\"@id\":\"https:\\\/\\\/epersl.com\\\/en\\\/privacy-policy\\\/#breadcrumb\",\"itemListElement\":[{\"@type\":\"ListItem\",\"position\":1,\"name\":\"Portada\",\"item\":\"https:\\\/\\\/epersl.com\\\/en\\\/\"},{\"@type\":\"ListItem\",\"position\":2,\"name\":\"Privacy policy\"}]},{\"@type\":\"WebSite\",\"@id\":\"https:\\\/\\\/epersl.com\\\/en\\\/#website\",\"url\":\"https:\\\/\\\/epersl.com\\\/en\\\/\",\"name\":\"EPER\",\"description\":\"Metallic Solutions\",\"potentialAction\":[{\"@type\":\"SearchAction\",\"target\":{\"@type\":\"EntryPoint\",\"urlTemplate\":\"https:\\\/\\\/epersl.com\\\/en\\\/?s={search_term_string}\"},\"query-input\":{\"@type\":\"PropertyValueSpecification\",\"valueRequired\":true,\"valueName\":\"search_term_string\"}}],\"inLanguage\":\"en-US\"}]}<\/script>\n<!-- \/ Yoast SEO plugin. -->","yoast_head_json":{"title":"Privacy policy - EPER","robots":{"index":"noindex","follow":"nofollow"},"og_locale":"en_US","og_type":"article","og_title":"Privacy policy - EPER","og_description":"Pol\u00edtica de privacidadRESPONSABLE \u00bfQui\u00e9n es el responsable del tratamiento de sus datos? La compa\u00f1\u00eda Estructuras Para Energ\u00edas Renovables S.L. es la titular de la presente p\u00e1gina web. Al acceder a esta web, pasa a tener la condici\u00f3n de usuario. Todos los datos que Estructuras Para Energ\u00edas Renovables S.L. recopile del usuario a trav\u00e9s del uso [&hellip;]","og_url":"https:\/\/epersl.com\/en\/privacy-policy\/","og_site_name":"EPER","article_modified_time":"2022-03-30T19:47:27+00:00","twitter_card":"summary_large_image","twitter_misc":{"Est. reading time":"9 minutes"},"schema":{"@context":"https:\/\/schema.org","@graph":[{"@type":"WebPage","@id":"https:\/\/epersl.com\/en\/privacy-policy\/","url":"https:\/\/epersl.com\/en\/privacy-policy\/","name":"Privacy policy - EPER","isPartOf":{"@id":"https:\/\/epersl.com\/en\/#website"},"datePublished":"2022-01-28T12:46:08+00:00","dateModified":"2022-03-30T19:47:27+00:00","breadcrumb":{"@id":"https:\/\/epersl.com\/en\/privacy-policy\/#breadcrumb"},"inLanguage":"en-US","potentialAction":[{"@type":"ReadAction","target":["https:\/\/epersl.com\/en\/privacy-policy\/"]}]},{"@type":"BreadcrumbList","@id":"https:\/\/epersl.com\/en\/privacy-policy\/#breadcrumb","itemListElement":[{"@type":"ListItem","position":1,"name":"Portada","item":"https:\/\/epersl.com\/en\/"},{"@type":"ListItem","position":2,"name":"Privacy policy"}]},{"@type":"WebSite","@id":"https:\/\/epersl.com\/en\/#website","url":"https:\/\/epersl.com\/en\/","name":"EPER","description":"Metallic Solutions","potentialAction":[{"@type":"SearchAction","target":{"@type":"EntryPoint","urlTemplate":"https:\/\/epersl.com\/en\/?s={search_term_string}"},"query-input":{"@type":"PropertyValueSpecification","valueRequired":true,"valueName":"search_term_string"}}],"inLanguage":"en-US"}]}},"_links":{"self":[{"href":"https:\/\/epersl.com\/en\/wp-json\/wp\/v2\/pages\/52893","targetHints":{"allow":["GET"]}}],"collection":[{"href":"https:\/\/epersl.com\/en\/wp-json\/wp\/v2\/pages"}],"about":[{"href":"https:\/\/epersl.com\/en\/wp-json\/wp\/v2\/types\/page"}],"author":[{"embeddable":true,"href":"https:\/\/epersl.com\/en\/wp-json\/wp\/v2\/users\/2"}],"replies":[{"embeddable":true,"href":"https:\/\/epersl.com\/en\/wp-json\/wp\/v2\/comments?post=52893"}],"version-history":[{"count":4,"href":"https:\/\/epersl.com\/en\/wp-json\/wp\/v2\/pages\/52893\/revisions"}],"predecessor-version":[{"id":53034,"href":"https:\/\/epersl.com\/en\/wp-json\/wp\/v2\/pages\/52893\/revisions\/53034"}],"wp:attachment":[{"href":"https:\/\/epersl.com\/en\/wp-json\/wp\/v2\/media?parent=52893"}],"curies":[{"name":"wp","href":"https:\/\/api.w.org\/{rel}","templated":true}]}}