{"id":53562,"date":"2023-07-13T10:22:36","date_gmt":"2023-07-13T08:22:36","guid":{"rendered":"https:\/\/epersl.com\/?page_id=53562"},"modified":"2024-01-08T11:43:35","modified_gmt":"2024-01-08T09:43:35","slug":"actualite","status":"publish","type":"page","link":"https:\/\/epersl.com\/fr\/actualite\/","title":{"rendered":"Actualit\u00e9"},"content":{"rendered":"<p>[et_pb_section fb_built=\u00a0\u00bb1&Prime; inner_shadow=\u00a0\u00bbon\u00a0\u00bb module_class=\u00a0\u00bbtitulo-visible \u00a0\u00bb _builder_version=\u00a0\u00bb4.20.0&Prime; _module_preset=\u00a0\u00bbdefault\u00a0\u00bb background_enable_color=\u00a0\u00bboff\u00a0\u00bb use_background_color_gradient=\u00a0\u00bbon\u00a0\u00bb background_color_gradient_stops=\u00a0\u00bb#0a0000 0%|rgba(2,0,0,0.61) 90%|rgba(66,66,66,0.6) 100%\u00a0\u00bb background_enable_image=\u00a0\u00bboff\u00a0\u00bb min_height=\u00a0\u00bb350px\u00a0\u00bb min_height_tablet=\u00a0\u00bb602px\u00a0\u00bb min_height_phone=\u00a0\u00bb602px\u00a0\u00bb min_height_last_edited=\u00a0\u00bbon|desktop\u00a0\u00bb custom_padding=\u00a0\u00bb12%||||false|false\u00a0\u00bb da_disable_devices=\u00a0\u00bboff|off|off\u00a0\u00bb global_colors_info=\u00a0\u00bb{}\u00a0\u00bb da_is_popup=\u00a0\u00bboff\u00a0\u00bb da_exit_intent=\u00a0\u00bboff\u00a0\u00bb da_has_close=\u00a0\u00bbon\u00a0\u00bb da_alt_close=\u00a0\u00bboff\u00a0\u00bb da_dark_close=\u00a0\u00bboff\u00a0\u00bb da_not_modal=\u00a0\u00bbon\u00a0\u00bb da_is_singular=\u00a0\u00bboff\u00a0\u00bb da_with_loader=\u00a0\u00bboff\u00a0\u00bb da_has_shadow=\u00a0\u00bbon\u00a0\u00bb][et_pb_row _builder_version=\u00a0\u00bb4.20.0&Prime; _module_preset=\u00a0\u00bbdefault\u00a0\u00bb global_colors_info=\u00a0\u00bb{}\u00a0\u00bb][et_pb_column type=\u00a0\u00bb4_4&Prime; _builder_version=\u00a0\u00bb4.20.0&Prime; _module_preset=\u00a0\u00bbdefault\u00a0\u00bb global_colors_info=\u00a0\u00bb{}\u00a0\u00bb][et_pb_text _builder_version=\u00a0\u00bb4.21.0&Prime; _module_preset=\u00a0\u00bbdefault\u00a0\u00bb text_text_color=\u00a0\u00bb#FFFFFF\u00a0\u00bb text_orientation=\u00a0\u00bbcenter\u00a0\u00bb border_radii=\u00a0\u00bbon|5px|5px|5px|5px\u00a0\u00bb border_color_all=\u00a0\u00bb#FFFFFF\u00a0\u00bb global_colors_info=\u00a0\u00bb{}\u00a0\u00bb]<\/p>\n<h1 style=\"color: white; text-align: center;\">Actualit\u00e9<\/h1>\n<p>[\/et_pb_text][\/et_pb_column][\/et_pb_row][\/et_pb_section][et_pb_section fb_built=\u00a0\u00bb1&Prime; admin_label=\u00a0\u00bbsection\u00a0\u00bb _builder_version=\u00a0\u00bb4.16&Prime; da_disable_devices=\u00a0\u00bboff|off|off\u00a0\u00bb global_colors_info=\u00a0\u00bb{}\u00a0\u00bb da_is_popup=\u00a0\u00bboff\u00a0\u00bb da_exit_intent=\u00a0\u00bboff\u00a0\u00bb da_has_close=\u00a0\u00bbon\u00a0\u00bb da_alt_close=\u00a0\u00bboff\u00a0\u00bb da_dark_close=\u00a0\u00bboff\u00a0\u00bb da_not_modal=\u00a0\u00bbon\u00a0\u00bb da_is_singular=\u00a0\u00bboff\u00a0\u00bb da_with_loader=\u00a0\u00bboff\u00a0\u00bb da_has_shadow=\u00a0\u00bbon\u00a0\u00bb][et_pb_row admin_label=\u00a0\u00bbrow\u00a0\u00bb _builder_version=\u00a0\u00bb4.16&Prime; background_size=\u00a0\u00bbinitial\u00a0\u00bb background_position=\u00a0\u00bbtop_left\u00a0\u00bb background_repeat=\u00a0\u00bbrepeat\u00a0\u00bb global_colors_info=\u00a0\u00bb{}\u00a0\u00bb][et_pb_column type=\u00a0\u00bb4_4&Prime; _builder_version=\u00a0\u00bb4.16&Prime; custom_padding=\u00a0\u00bb|||\u00a0\u00bb global_colors_info=\u00a0\u00bb{}\u00a0\u00bb custom_padding__hover=\u00a0\u00bb|||\u00a0\u00bb][et_pb_blog fullwidth=\u00a0\u00bboff\u00a0\u00bb include_categories=\u00a0\u00bb21,22,all\u00a0\u00bb show_author=\u00a0\u00bboff\u00a0\u00bb use_overlay=\u00a0\u00bbon\u00a0\u00bb _builder_version=\u00a0\u00bb4.21.0&Prime; _module_preset=\u00a0\u00bbdefault\u00a0\u00bb global_colors_info=\u00a0\u00bb{}\u00a0\u00bb][\/et_pb_blog][\/et_pb_column][\/et_pb_row][\/et_pb_section]<\/p>\n","protected":false},"excerpt":{"rendered":"<p>Actualit\u00e9<\/p>\n","protected":false},"author":6,"featured_media":0,"parent":0,"menu_order":0,"comment_status":"closed","ping_status":"closed","template":"","meta":{"_et_pb_use_builder":"on","_et_pb_old_content":"[et_pb_section fb_built=\"1\" inner_shadow=\"on\" module_class=\"titulo-visible \" _builder_version=\"4.20.0\" _module_preset=\"default\" background_enable_color=\"off\" use_background_color_gradient=\"on\" background_color_gradient_stops=\"#0a0000 0%|rgba(2,0,0,0.61) 90%|rgba(66,66,66,0.6) 100%\" background_enable_image=\"off\" min_height=\"350px\" min_height_tablet=\"602px\" min_height_phone=\"602px\" min_height_last_edited=\"on|desktop\" custom_padding=\"12%||||false|false\" da_disable_devices=\"off|off|off\" global_colors_info=\"{}\" da_is_popup=\"off\" da_exit_intent=\"off\" da_has_close=\"on\" da_alt_close=\"off\" da_dark_close=\"off\" da_not_modal=\"on\" da_is_singular=\"off\" da_with_loader=\"off\" da_has_shadow=\"on\"][et_pb_row _builder_version=\"4.20.0\" _module_preset=\"default\" global_colors_info=\"{}\"][et_pb_column type=\"4_4\" _builder_version=\"4.20.0\" _module_preset=\"default\" global_colors_info=\"{}\"][et_pb_text _builder_version=\"4.21.0\" _module_preset=\"default\" text_text_color=\"#FFFFFF\" text_orientation=\"center\" hover_enabled=\"0\" border_radii=\"on|5px|5px|5px|5px\" border_color_all=\"#FFFFFF\" global_colors_info=\"{}\" sticky_enabled=\"0\"]<h1 style=\"color: white; text-align: center;\">Actuality<\/h1>[\/et_pb_text][\/et_pb_column][\/et_pb_row][\/et_pb_section][et_pb_section fb_built=\"1\" admin_label=\"section\" _builder_version=\"4.16\" da_disable_devices=\"off|off|off\" global_colors_info=\"{}\" da_is_popup=\"off\" da_exit_intent=\"off\" da_has_close=\"on\" da_alt_close=\"off\" da_dark_close=\"off\" da_not_modal=\"on\" da_is_singular=\"off\" da_with_loader=\"off\" da_has_shadow=\"on\"][et_pb_row admin_label=\"row\" _builder_version=\"4.16\" background_size=\"initial\" background_position=\"top_left\" background_repeat=\"repeat\" global_colors_info=\"{}\"][et_pb_column type=\"4_4\" _builder_version=\"4.16\" custom_padding=\"|||\" global_colors_info=\"{}\" custom_padding__hover=\"|||\"][et_pb_blog fullwidth=\"off\" include_categories=\"21,22,all\" show_author=\"off\" use_overlay=\"on\" _builder_version=\"4.21.0\" _module_preset=\"default\" global_colors_info=\"{}\"][\/et_pb_blog][\/et_pb_column][\/et_pb_row][\/et_pb_section]","_et_gb_content_width":"","inline_featured_image":false,"footnotes":""},"class_list":["post-53562","page","type-page","status-publish","hentry"],"yoast_head":"<!-- This site is optimized with the Yoast SEO plugin v27.4 - https:\/\/yoast.com\/product\/yoast-seo-wordpress\/ -->\n<title>Actualit\u00e9 EPER | Structures pour les \u00e9nergies r\u00e9nouvelables<\/title>\n<meta name=\"description\" content=\"Nous sommes sp\u00e9cialis\u00e9s en outils de levage et de transport de grandes structures, de charges lourdes et de soudures complexes.\" \/>\n<meta name=\"robots\" content=\"index, follow, max-snippet:-1, max-image-preview:large, max-video-preview:-1\" \/>\n<link rel=\"canonical\" href=\"https:\/\/epersl.com\/fr\/actualite\/\" \/>\n<meta property=\"og:locale\" content=\"fr_FR\" \/>\n<meta property=\"og:type\" content=\"article\" \/>\n<meta property=\"og:title\" content=\"Actualit\u00e9 EPER | Structures pour les \u00e9nergies r\u00e9nouvelables\" \/>\n<meta property=\"og:description\" content=\"Nous sommes sp\u00e9cialis\u00e9s en outils de levage et de transport de grandes structures, de charges lourdes et de soudures complexes.\" \/>\n<meta property=\"og:url\" content=\"https:\/\/epersl.com\/fr\/actualite\/\" \/>\n<meta property=\"og:site_name\" content=\"EPER\" \/>\n<meta property=\"article:modified_time\" content=\"2024-01-08T09:43:35+00:00\" \/>\n<meta name=\"twitter:card\" content=\"summary_large_image\" \/>\n<meta name=\"twitter:label1\" content=\"Dur\u00e9e de lecture estim\u00e9e\" \/>\n\t<meta name=\"twitter:data1\" content=\"3 minutes\" \/>\n<script type=\"application\/ld+json\" class=\"yoast-schema-graph\">{\"@context\":\"https:\\\/\\\/schema.org\",\"@graph\":[{\"@type\":\"WebPage\",\"@id\":\"https:\\\/\\\/epersl.com\\\/fr\\\/actualite\\\/\",\"url\":\"https:\\\/\\\/epersl.com\\\/fr\\\/actualite\\\/\",\"name\":\"Actualit\u00e9 EPER | Structures pour les \u00e9nergies r\u00e9nouvelables\",\"isPartOf\":{\"@id\":\"https:\\\/\\\/epersl.com\\\/fr\\\/#website\"},\"datePublished\":\"2023-07-13T08:22:36+00:00\",\"dateModified\":\"2024-01-08T09:43:35+00:00\",\"description\":\"Nous sommes sp\u00e9cialis\u00e9s en outils de levage et de transport de grandes structures, de charges lourdes et de soudures complexes.\",\"breadcrumb\":{\"@id\":\"https:\\\/\\\/epersl.com\\\/fr\\\/actualite\\\/#breadcrumb\"},\"inLanguage\":\"fr-FR\",\"potentialAction\":[{\"@type\":\"ReadAction\",\"target\":[\"https:\\\/\\\/epersl.com\\\/fr\\\/actualite\\\/\"]}]},{\"@type\":\"BreadcrumbList\",\"@id\":\"https:\\\/\\\/epersl.com\\\/fr\\\/actualite\\\/#breadcrumb\",\"itemListElement\":[{\"@type\":\"ListItem\",\"position\":1,\"name\":\"Portada\",\"item\":\"https:\\\/\\\/epersl.com\\\/fr\\\/\"},{\"@type\":\"ListItem\",\"position\":2,\"name\":\"Actualit\u00e9\"}]},{\"@type\":\"WebSite\",\"@id\":\"https:\\\/\\\/epersl.com\\\/fr\\\/#website\",\"url\":\"https:\\\/\\\/epersl.com\\\/fr\\\/\",\"name\":\"EPER\",\"description\":\"Metallic Solutions\",\"potentialAction\":[{\"@type\":\"SearchAction\",\"target\":{\"@type\":\"EntryPoint\",\"urlTemplate\":\"https:\\\/\\\/epersl.com\\\/fr\\\/?s={search_term_string}\"},\"query-input\":{\"@type\":\"PropertyValueSpecification\",\"valueRequired\":true,\"valueName\":\"search_term_string\"}}],\"inLanguage\":\"fr-FR\"}]}<\/script>\n<!-- \/ Yoast SEO plugin. -->","yoast_head_json":{"title":"Actualit\u00e9 EPER | Structures pour les \u00e9nergies r\u00e9nouvelables","description":"Nous sommes sp\u00e9cialis\u00e9s en outils de levage et de transport de grandes structures, de charges lourdes et de soudures complexes.","robots":{"index":"index","follow":"follow","max-snippet":"max-snippet:-1","max-image-preview":"max-image-preview:large","max-video-preview":"max-video-preview:-1"},"canonical":"https:\/\/epersl.com\/fr\/actualite\/","og_locale":"fr_FR","og_type":"article","og_title":"Actualit\u00e9 EPER | Structures pour les \u00e9nergies r\u00e9nouvelables","og_description":"Nous sommes sp\u00e9cialis\u00e9s en outils de levage et de transport de grandes structures, de charges lourdes et de soudures complexes.","og_url":"https:\/\/epersl.com\/fr\/actualite\/","og_site_name":"EPER","article_modified_time":"2024-01-08T09:43:35+00:00","twitter_card":"summary_large_image","twitter_misc":{"Dur\u00e9e de lecture estim\u00e9e":"3 minutes"},"schema":{"@context":"https:\/\/schema.org","@graph":[{"@type":"WebPage","@id":"https:\/\/epersl.com\/fr\/actualite\/","url":"https:\/\/epersl.com\/fr\/actualite\/","name":"Actualit\u00e9 EPER | Structures pour les \u00e9nergies r\u00e9nouvelables","isPartOf":{"@id":"https:\/\/epersl.com\/fr\/#website"},"datePublished":"2023-07-13T08:22:36+00:00","dateModified":"2024-01-08T09:43:35+00:00","description":"Nous sommes sp\u00e9cialis\u00e9s en outils de levage et de transport de grandes structures, de charges lourdes et de soudures complexes.","breadcrumb":{"@id":"https:\/\/epersl.com\/fr\/actualite\/#breadcrumb"},"inLanguage":"fr-FR","potentialAction":[{"@type":"ReadAction","target":["https:\/\/epersl.com\/fr\/actualite\/"]}]},{"@type":"BreadcrumbList","@id":"https:\/\/epersl.com\/fr\/actualite\/#breadcrumb","itemListElement":[{"@type":"ListItem","position":1,"name":"Portada","item":"https:\/\/epersl.com\/fr\/"},{"@type":"ListItem","position":2,"name":"Actualit\u00e9"}]},{"@type":"WebSite","@id":"https:\/\/epersl.com\/fr\/#website","url":"https:\/\/epersl.com\/fr\/","name":"EPER","description":"Metallic Solutions","potentialAction":[{"@type":"SearchAction","target":{"@type":"EntryPoint","urlTemplate":"https:\/\/epersl.com\/fr\/?s={search_term_string}"},"query-input":{"@type":"PropertyValueSpecification","valueRequired":true,"valueName":"search_term_string"}}],"inLanguage":"fr-FR"}]}},"_links":{"self":[{"href":"https:\/\/epersl.com\/fr\/wp-json\/wp\/v2\/pages\/53562","targetHints":{"allow":["GET"]}}],"collection":[{"href":"https:\/\/epersl.com\/fr\/wp-json\/wp\/v2\/pages"}],"about":[{"href":"https:\/\/epersl.com\/fr\/wp-json\/wp\/v2\/types\/page"}],"author":[{"embeddable":true,"href":"https:\/\/epersl.com\/fr\/wp-json\/wp\/v2\/users\/6"}],"replies":[{"embeddable":true,"href":"https:\/\/epersl.com\/fr\/wp-json\/wp\/v2\/comments?post=53562"}],"version-history":[{"count":5,"href":"https:\/\/epersl.com\/fr\/wp-json\/wp\/v2\/pages\/53562\/revisions"}],"predecessor-version":[{"id":53854,"href":"https:\/\/epersl.com\/fr\/wp-json\/wp\/v2\/pages\/53562\/revisions\/53854"}],"wp:attachment":[{"href":"https:\/\/epersl.com\/fr\/wp-json\/wp\/v2\/media?parent=53562"}],"curies":[{"name":"wp","href":"https:\/\/api.w.org\/{rel}","templated":true}]}}